{"id":366,"date":"2019-05-16T18:58:28","date_gmt":"2019-05-16T18:58:28","guid":{"rendered":"https:\/\/incapathperu.com\/contact-us\/"},"modified":"2024-05-20T08:14:02","modified_gmt":"2024-05-20T13:14:02","slug":"contacto","status":"publish","type":"page","link":"https:\/\/incapathperu.com\/es\/contacto\/","title":{"rendered":"Contacto"},"content":{"rendered":"<h2>Contactanos<\/h2>\n<p>\u00bfListo para embarcarse en la aventura de su vida? Si tiene preguntas sobre nuestros tours o necesita ayuda para planificar su viaje ideal, no dude en contactarnos. Nuestro equipo de expertos en viajes est\u00e1 disponible para proporcionarle toda la informaci\u00f3n que necesite y ayudarle a dise\u00f1ar la experiencia perfecta.<\/p>\n<p>&nbsp;<\/p>\n<p>No importa c\u00f3mo decida contactarnos, garantizamos una respuesta r\u00e1pida y personalizada. Estamos aqu\u00ed para asegurarnos de que su experiencia de viaje sea inolvidable desde el primer momento.<\/p>\n","protected":false},"excerpt":{"rendered":"<p>Contactanos \u00bfListo para embarcarse en la aventura de su vida? Si tiene preguntas sobre nuestros tours o necesita ayuda para planificar su viaje ideal, no dude en contactarnos. Nuestro equipo de expertos en viajes est\u00e1 disponible para proporcionarle toda la informaci\u00f3n que necesite y ayudarle a dise\u00f1ar la experiencia perfecta. &nbsp; No importa c\u00f3mo decida [&hellip;]<\/p>\n","protected":false},"author":1,"featured_media":367,"parent":0,"menu_order":0,"comment_status":"closed","ping_status":"closed","template":"contact.php","meta":{"_acf_changed":false,"_monsterinsights_skip_tracking":false,"_monsterinsights_sitenote_active":false,"_monsterinsights_sitenote_note":"","_monsterinsights_sitenote_category":0,"_joinchat":[],"footnotes":""},"class_list":["post-366","page","type-page","status-publish","has-post-thumbnail","hentry"],"acf":[],"_links":{"self":[{"href":"https:\/\/incapathperu.com\/es\/wp-json\/wp\/v2\/pages\/366","targetHints":{"allow":["GET"]}}],"collection":[{"href":"https:\/\/incapathperu.com\/es\/wp-json\/wp\/v2\/pages"}],"about":[{"href":"https:\/\/incapathperu.com\/es\/wp-json\/wp\/v2\/types\/page"}],"author":[{"embeddable":true,"href":"https:\/\/incapathperu.com\/es\/wp-json\/wp\/v2\/users\/1"}],"replies":[{"embeddable":true,"href":"https:\/\/incapathperu.com\/es\/wp-json\/wp\/v2\/comments?post=366"}],"version-history":[{"count":4,"href":"https:\/\/incapathperu.com\/es\/wp-json\/wp\/v2\/pages\/366\/revisions"}],"predecessor-version":[{"id":875,"href":"https:\/\/incapathperu.com\/es\/wp-json\/wp\/v2\/pages\/366\/revisions\/875"}],"wp:featuredmedia":[{"embeddable":true,"href":"https:\/\/incapathperu.com\/es\/wp-json\/wp\/v2\/media\/367"}],"wp:attachment":[{"href":"https:\/\/incapathperu.com\/es\/wp-json\/wp\/v2\/media?parent=366"}],"curies":[{"name":"wp","href":"https:\/\/api.w.org\/{rel}","templated":true}]}}